{"id":153,"date":"2018-12-07T12:37:36","date_gmt":"2018-12-07T12:37:36","guid":{"rendered":"http:\/\/lepaansavipaja.net\/?page_id=153"},"modified":"2022-04-22T23:10:57","modified_gmt":"2022-04-22T20:10:57","slug":"etusivu","status":"publish","type":"page","link":"https:\/\/lepaansavipaja.net\/","title":{"rendered":"Etusivu"},"content":{"rendered":"<p>Myym\u00e4l\u00e4mme siirtyi 30 metri\u00e4 golfkent\u00e4n suuntaan eli palvelemme siis uusissa tiloissa samassa tutussa pihapiiriss\u00e4.<\/p>\n<p>Tervetuloa.<\/p>\n<p>Lepaan naivistit-n\u00e4yttely Lepaan viinitilan ravintolassa 2.5.-30.8.2022.<\/p>\n<p><iframe loading=\"lazy\" src=\"https:\/\/www.youtube.com\/embed\/9sNp4lV0CxQ\" width=\"560\" height=\"315\" frameborder=\"0\" allowfullscreen=\"allowfullscreen\"><\/iframe><\/p>\n","protected":false},"excerpt":{"rendered":"<p>Myym\u00e4l\u00e4mme siirtyi 30 metri\u00e4 golfkent\u00e4n suuntaan eli palvelemme siis uusissa tiloissa samassa tutussa pihapiiriss\u00e4. Tervetuloa. Lepaan naivistit-n\u00e4yttely Lepaan viinitilan ravintolassa 2.5.-30.8.2022.<\/p>\n","protected":false},"author":1,"featured_media":0,"parent":0,"menu_order":0,"comment_status":"closed","ping_status":"closed","template":"","meta":{"footnotes":""},"_links":{"self":[{"href":"https:\/\/lepaansavipaja.net\/index.php\/wp-json\/wp\/v2\/pages\/153"}],"collection":[{"href":"https:\/\/lepaansavipaja.net\/index.php\/wp-json\/wp\/v2\/pages"}],"about":[{"href":"https:\/\/lepaansavipaja.net\/index.php\/wp-json\/wp\/v2\/types\/page"}],"author":[{"embeddable":true,"href":"https:\/\/lepaansavipaja.net\/index.php\/wp-json\/wp\/v2\/users\/1"}],"replies":[{"embeddable":true,"href":"https:\/\/lepaansavipaja.net\/index.php\/wp-json\/wp\/v2\/comments?post=153"}],"version-history":[{"count":15,"href":"https:\/\/lepaansavipaja.net\/index.php\/wp-json\/wp\/v2\/pages\/153\/revisions"}],"predecessor-version":[{"id":510,"href":"https:\/\/lepaansavipaja.net\/index.php\/wp-json\/wp\/v2\/pages\/153\/revisions\/510"}],"wp:attachment":[{"href":"https:\/\/lepaansavipaja.net\/index.php\/wp-json\/wp\/v2\/media?parent=153"}],"curies":[{"name":"wp","href":"https:\/\/api.w.org\/{rel}","templated":true}]}}