{"id":154,"date":"2018-12-07T12:37:37","date_gmt":"2018-12-07T12:37:37","guid":{"rendered":"http:\/\/lepaansavipaja.net\/?page_id=154"},"modified":"2022-05-01T14:33:26","modified_gmt":"2022-05-01T11:33:26","slug":"tietoja","status":"publish","type":"page","link":"http:\/\/lepaansavipaja.net\/index.php\/tietoja\/","title":{"rendered":"Myym\u00e4l\u00e4"},"content":{"rendered":"\r\n<p>Myym\u00e4l\u00e4mme<br \/>Huomioi uusi sijaintimme viinitilan pihapiiriss\u00e4.<br \/><br \/>Tervetuloa tutustumaan.<\/p>\r\n<p><br \/><img loading=\"lazy\" decoding=\"async\" class=\"alignnone wp-image-471\" src=\"http:\/\/lepaansavipaja.net\/wp-content\/uploads\/2022\/04\/20220419_153008-1024x419.jpg\" alt=\"Kuva Lepaan savipajan myym\u00e4l\u00e4st\u00e4 sis\u00e4lt\u00e4\" width=\"700\" height=\"287\" srcset=\"http:\/\/lepaansavipaja.net\/wp-content\/uploads\/2022\/04\/20220419_153008-1024x419.jpg 1024w, http:\/\/lepaansavipaja.net\/wp-content\/uploads\/2022\/04\/20220419_153008-300x123.jpg 300w, http:\/\/lepaansavipaja.net\/wp-content\/uploads\/2022\/04\/20220419_153008-768x314.jpg 768w, http:\/\/lepaansavipaja.net\/wp-content\/uploads\/2022\/04\/20220419_153008-1536x629.jpg 1536w, http:\/\/lepaansavipaja.net\/wp-content\/uploads\/2022\/04\/20220419_153008-2048x839.jpg 2048w\" sizes=\"(max-width: 700px) 100vw, 700px\" \/><\/p>\r\n<p><img loading=\"lazy\" decoding=\"async\" class=\"alignnone wp-image-475\" src=\"http:\/\/lepaansavipaja.net\/wp-content\/uploads\/2022\/04\/20220419_153251-1024x419.jpg\" alt=\"Kuva Lepaan savipajan myym\u00e4l\u00e4st\u00e4 sis\u00e4lt\u00e4\" width=\"700\" height=\"287\" srcset=\"http:\/\/lepaansavipaja.net\/wp-content\/uploads\/2022\/04\/20220419_153251-1024x419.jpg 1024w, http:\/\/lepaansavipaja.net\/wp-content\/uploads\/2022\/04\/20220419_153251-300x123.jpg 300w, http:\/\/lepaansavipaja.net\/wp-content\/uploads\/2022\/04\/20220419_153251-768x314.jpg 768w, http:\/\/lepaansavipaja.net\/wp-content\/uploads\/2022\/04\/20220419_153251-1536x629.jpg 1536w, http:\/\/lepaansavipaja.net\/wp-content\/uploads\/2022\/04\/20220419_153251-2048x839.jpg 2048w\" sizes=\"(max-width: 700px) 100vw, 700px\" \/><br \/><br \/><img loading=\"lazy\" decoding=\"async\" class=\"alignnone wp-image-469\" src=\"http:\/\/lepaansavipaja.net\/wp-content\/uploads\/2022\/04\/20220419_153040-1024x419.jpg\" alt=\"Kuva Lepaan savipajan myym\u00e4l\u00e4st\u00e4 sis\u00e4lt\u00e4\" width=\"700\" height=\"287\" srcset=\"http:\/\/lepaansavipaja.net\/wp-content\/uploads\/2022\/04\/20220419_153040-1024x419.jpg 1024w, http:\/\/lepaansavipaja.net\/wp-content\/uploads\/2022\/04\/20220419_153040-300x123.jpg 300w, http:\/\/lepaansavipaja.net\/wp-content\/uploads\/2022\/04\/20220419_153040-768x314.jpg 768w, http:\/\/lepaansavipaja.net\/wp-content\/uploads\/2022\/04\/20220419_153040-1536x629.jpg 1536w, http:\/\/lepaansavipaja.net\/wp-content\/uploads\/2022\/04\/20220419_153040-2048x839.jpg 2048w\" sizes=\"(max-width: 700px) 100vw, 700px\" \/><br \/><br \/>Meilt\u00e4 l\u00f6yd\u00e4t my\u00f6s ajoittain pienen valikoiman saunakaupan tuotteita.<br \/><a href=\"https:\/\/rennosti.com\/tuote-osasto\/saunakauppa\/\">https:\/\/rennosti.com\/tuote-osasto\/saunakauppa\/<\/a><\/p>\r\n<p>Vanajansel\u00e4n kalaluvat my\u00f6s meilt\u00e4!<\/p>\r\n\r\n\r\n\r\n<p>&nbsp;<\/p>\r\n","protected":false},"excerpt":{"rendered":"<p>Myym\u00e4l\u00e4mmeHuomioi uusi sijaintimme viinitilan pihapiiriss\u00e4. Tervetuloa tutustumaan. Meilt\u00e4 l\u00f6yd\u00e4t my\u00f6s ajoittain pienen valikoiman saunakaupan tuotteita.https:\/\/rennosti.com\/tuote-osasto\/saunakauppa\/ Vanajansel\u00e4n kalaluvat my\u00f6s meilt\u00e4! &nbsp;<\/p>\n","protected":false},"author":1,"featured_media":0,"parent":0,"menu_order":0,"comment_status":"closed","ping_status":"closed","template":"","meta":{"footnotes":""},"_links":{"self":[{"href":"http:\/\/lepaansavipaja.net\/index.php\/wp-json\/wp\/v2\/pages\/154"}],"collection":[{"href":"http:\/\/lepaansavipaja.net\/index.php\/wp-json\/wp\/v2\/pages"}],"about":[{"href":"http:\/\/lepaansavipaja.net\/index.php\/wp-json\/wp\/v2\/types\/page"}],"author":[{"embeddable":true,"href":"http:\/\/lepaansavipaja.net\/index.php\/wp-json\/wp\/v2\/users\/1"}],"replies":[{"embeddable":true,"href":"http:\/\/lepaansavipaja.net\/index.php\/wp-json\/wp\/v2\/comments?post=154"}],"version-history":[{"count":16,"href":"http:\/\/lepaansavipaja.net\/index.php\/wp-json\/wp\/v2\/pages\/154\/revisions"}],"predecessor-version":[{"id":515,"href":"http:\/\/lepaansavipaja.net\/index.php\/wp-json\/wp\/v2\/pages\/154\/revisions\/515"}],"wp:attachment":[{"href":"http:\/\/lepaansavipaja.net\/index.php\/wp-json\/wp\/v2\/media?parent=154"}],"curies":[{"name":"wp","href":"https:\/\/api.w.org\/{rel}","templated":true}]}}